{"id":174,"date":"2025-12-19T21:51:09","date_gmt":"2025-12-19T21:51:09","guid":{"rendered":"https:\/\/cortijomiguelmorales.es\/?post_type=product&#038;p=174"},"modified":"2026-03-09T01:32:07","modified_gmt":"2026-03-09T01:32:07","slug":"mango-en-su-jugo","status":"publish","type":"product","link":"https:\/\/cortijomiguelmorales.es\/en\/product\/mango-en-su-jugo\/","title":{"rendered":"Mango en su Jugo"},"content":{"rendered":"<p data-start=\"736\" data-end=\"962\">Nuestro <strong data-start=\"652\" data-end=\"672\">Mango en su jugo<\/strong> es una elaboraci\u00f3n artesanal \u00fanica, realizada con mangos seleccionados de la Costa Tropical de Granada.<br data-start=\"776\" data-end=\"779\" \/>Elaborado sin conservantes ni aditivos artificiales. Perfecto para tomar solo y bien fresco, o como acompa\u00f1amiento en desayunos, yogures, batidos, postres y recetas creativas.<\/p>","protected":false},"excerpt":{"rendered":"<p>Mango artesanal en su propio jugo, elaborado \u00fanicamente con fruta, agua y zumo de lim\u00f3n. Natural, fresco y \u00fanico en Espa\u00f1a.<\/p>","protected":false},"featured_media":297,"comment_status":"open","ping_status":"closed","template":"","meta":[],"product_brand":[],"product_cat":[22],"product_tag":[],"class_list":{"0":"post-174","1":"product","2":"type-product","3":"status-publish","4":"has-post-thumbnail","6":"product_cat-conservas-artesanas","7":"product_shipping_class-hasta-5kg","9":"first","10":"instock","11":"taxable","12":"shipping-taxable","13":"purchasable","14":"product-type-simple"},"_links":{"self":[{"href":"https:\/\/cortijomiguelmorales.es\/en\/wp-json\/wp\/v2\/product\/174","targetHints":{"allow":["GET"]}}],"collection":[{"href":"https:\/\/cortijomiguelmorales.es\/en\/wp-json\/wp\/v2\/product"}],"about":[{"href":"https:\/\/cortijomiguelmorales.es\/en\/wp-json\/wp\/v2\/types\/product"}],"replies":[{"embeddable":true,"href":"https:\/\/cortijomiguelmorales.es\/en\/wp-json\/wp\/v2\/comments?post=174"}],"wp:featuredmedia":[{"embeddable":true,"href":"https:\/\/cortijomiguelmorales.es\/en\/wp-json\/wp\/v2\/media\/297"}],"wp:attachment":[{"href":"https:\/\/cortijomiguelmorales.es\/en\/wp-json\/wp\/v2\/media?parent=174"}],"wp:term":[{"taxonomy":"product_brand","embeddable":true,"href":"https:\/\/cortijomiguelmorales.es\/en\/wp-json\/wp\/v2\/product_brand?post=174"},{"taxonomy":"product_cat","embeddable":true,"href":"https:\/\/cortijomiguelmorales.es\/en\/wp-json\/wp\/v2\/product_cat?post=174"},{"taxonomy":"product_tag","embeddable":true,"href":"https:\/\/cortijomiguelmorales.es\/en\/wp-json\/wp\/v2\/product_tag?post=174"}],"curies":[{"name":"wp","href":"https:\/\/api.w.org\/{rel}","templated":true}]}}