{"id":151,"date":"2025-12-19T19:12:47","date_gmt":"2025-12-19T19:12:47","guid":{"rendered":"https:\/\/cortijomiguelmorales.es\/?post_type=product&#038;p=151"},"modified":"2025-12-28T06:28:10","modified_gmt":"2025-12-28T06:28:10","slug":"crema-de-mango-0-azucar","status":"publish","type":"product","link":"https:\/\/cortijomiguelmorales.es\/en\/product\/crema-de-mango-0-azucar\/","title":{"rendered":"Crema De Mango 0% Az\u00facar"},"content":{"rendered":"<p data-start=\"881\" data-end=\"1044\">Nuestra <strong data-start=\"889\" data-end=\"917\">crema de mango 0% az\u00facar<\/strong> se elabora de forma artesanal a partir de mangos seleccionados, respetando el sabor natural de la fruta y sin a\u00f1adir az\u00facares.<\/p>\n<p data-start=\"1049\" data-end=\"1154\">Es un producto suave y vers\u00e1til, pensado para quienes buscan disfrutar del mango en su forma m\u00e1s natural.<\/p>","protected":false},"excerpt":{"rendered":"<p>Crema de mango elaborada de forma artesanal, sin az\u00facares a\u00f1adidos. Contiene \u00fanicamente az\u00facares naturalmente presentes en la fruta. Ideal para consumir sola, en pan, yogures, batidos o postres.<\/p>","protected":false},"featured_media":292,"comment_status":"open","ping_status":"closed","template":"","meta":[],"product_brand":[],"product_cat":[22],"product_tag":[],"class_list":{"0":"post-151","1":"product","2":"type-product","3":"status-publish","4":"has-post-thumbnail","6":"product_cat-conservas-artesanas","7":"product_shipping_class-hasta-5kg","9":"first","10":"instock","11":"taxable","12":"shipping-taxable","13":"purchasable","14":"product-type-simple"},"_links":{"self":[{"href":"https:\/\/cortijomiguelmorales.es\/en\/wp-json\/wp\/v2\/product\/151","targetHints":{"allow":["GET"]}}],"collection":[{"href":"https:\/\/cortijomiguelmorales.es\/en\/wp-json\/wp\/v2\/product"}],"about":[{"href":"https:\/\/cortijomiguelmorales.es\/en\/wp-json\/wp\/v2\/types\/product"}],"replies":[{"embeddable":true,"href":"https:\/\/cortijomiguelmorales.es\/en\/wp-json\/wp\/v2\/comments?post=151"}],"wp:featuredmedia":[{"embeddable":true,"href":"https:\/\/cortijomiguelmorales.es\/en\/wp-json\/wp\/v2\/media\/292"}],"wp:attachment":[{"href":"https:\/\/cortijomiguelmorales.es\/en\/wp-json\/wp\/v2\/media?parent=151"}],"wp:term":[{"taxonomy":"product_brand","embeddable":true,"href":"https:\/\/cortijomiguelmorales.es\/en\/wp-json\/wp\/v2\/product_brand?post=151"},{"taxonomy":"product_cat","embeddable":true,"href":"https:\/\/cortijomiguelmorales.es\/en\/wp-json\/wp\/v2\/product_cat?post=151"},{"taxonomy":"product_tag","embeddable":true,"href":"https:\/\/cortijomiguelmorales.es\/en\/wp-json\/wp\/v2\/product_tag?post=151"}],"curies":[{"name":"wp","href":"https:\/\/api.w.org\/{rel}","templated":true}]}}