{"id":149,"date":"2025-12-19T18:48:54","date_gmt":"2025-12-19T18:48:54","guid":{"rendered":"https:\/\/cortijomiguelmorales.es\/?post_type=product&#038;p=149"},"modified":"2026-01-13T14:19:54","modified_gmt":"2026-01-13T14:19:54","slug":"chirimoya-fresca-temporada","status":"publish","type":"product","link":"https:\/\/cortijomiguelmorales.es\/en\/product\/chirimoya-fresca-temporada\/","title":{"rendered":"Chirimoya"},"content":{"rendered":"<p data-start=\"662\" data-end=\"840\">Nuestra chirimoya de temporada procede directamente del <strong data-start=\"718\" data-end=\"744\">Cortijo Miguel Morales<\/strong>, en la Costa Tropical de Granada, una zona reconocida por la calidad excepcional de este fruto.<\/p>\n<p data-start=\"845\" data-end=\"1050\">Se trata de una fruta muy apreciada por su <strong data-start=\"888\" data-end=\"945\">pulpa suave, aroma intenso y sabor naturalmente dulce<\/strong>, que requiere una recolecci\u00f3n cuidadosa y en el momento justo para disfrutarla en perfectas condiciones.<\/p>\n<p data-start=\"1055\" data-end=\"1218\">Cultivamos nuestras chirimoyas siguiendo pr\u00e1cticas agr\u00edcolas responsables, respetando los ciclos naturales del \u00e1rbol y priorizando la calidad frente a la cantidad.<\/p>\n<p data-start=\"1223\" data-end=\"1309\"><strong data-start=\"1223\" data-end=\"1241\">Venta a granel<\/strong>. Ideal para consumir sola, en postres, batidos o como fruta fresca.<\/p>\n<p data-start=\"1182\" data-end=\"1317\">Precio por kilo. Cada unidad equivale a 1 kg.<\/p>","protected":false},"excerpt":{"rendered":"<p>Chirimoyas frescas de temporada cultivadas en la Costa Tropical de Granada. Fruta delicada y arom\u00e1tica, recolectada en su punto \u00f3ptimo para garantizar dulzor y textura cremosa. Venta a granel. Cada unidad equivale a 1 kg.<\/p>","protected":false},"featured_media":150,"comment_status":"open","ping_status":"closed","template":"","meta":[],"product_brand":[],"product_cat":[21],"product_tag":[],"class_list":{"0":"post-149","1":"product","2":"type-product","3":"status-publish","4":"has-post-thumbnail","6":"product_cat-fruta-fresca","7":"product_shipping_class-hasta-5kg","9":"first","10":"instock","11":"taxable","12":"shipping-taxable","13":"purchasable","14":"product-type-simple"},"_links":{"self":[{"href":"https:\/\/cortijomiguelmorales.es\/en\/wp-json\/wp\/v2\/product\/149","targetHints":{"allow":["GET"]}}],"collection":[{"href":"https:\/\/cortijomiguelmorales.es\/en\/wp-json\/wp\/v2\/product"}],"about":[{"href":"https:\/\/cortijomiguelmorales.es\/en\/wp-json\/wp\/v2\/types\/product"}],"replies":[{"embeddable":true,"href":"https:\/\/cortijomiguelmorales.es\/en\/wp-json\/wp\/v2\/comments?post=149"}],"wp:featuredmedia":[{"embeddable":true,"href":"https:\/\/cortijomiguelmorales.es\/en\/wp-json\/wp\/v2\/media\/150"}],"wp:attachment":[{"href":"https:\/\/cortijomiguelmorales.es\/en\/wp-json\/wp\/v2\/media?parent=149"}],"wp:term":[{"taxonomy":"product_brand","embeddable":true,"href":"https:\/\/cortijomiguelmorales.es\/en\/wp-json\/wp\/v2\/product_brand?post=149"},{"taxonomy":"product_cat","embeddable":true,"href":"https:\/\/cortijomiguelmorales.es\/en\/wp-json\/wp\/v2\/product_cat?post=149"},{"taxonomy":"product_tag","embeddable":true,"href":"https:\/\/cortijomiguelmorales.es\/en\/wp-json\/wp\/v2\/product_tag?post=149"}],"curies":[{"name":"wp","href":"https:\/\/api.w.org\/{rel}","templated":true}]}}