{"id":148,"date":"2025-12-19T18:41:37","date_gmt":"2025-12-19T18:41:37","guid":{"rendered":"https:\/\/cortijomiguelmorales.es\/?post_type=product&#038;p=148"},"modified":"2025-12-19T18:48:20","modified_gmt":"2025-12-19T18:48:20","slug":"aguacate-fresco-temporada","status":"publish","type":"product","link":"https:\/\/cortijomiguelmorales.es\/en\/product\/aguacate-fresco-temporada\/","title":{"rendered":"Aguacate"},"content":{"rendered":"<p data-start=\"629\" data-end=\"856\">Nuestros aguacates de temporada proceden directamente del <strong data-start=\"687\" data-end=\"713\">Cortijo Miguel Morales<\/strong>, situado en la Costa Tropical de Granada, una zona privilegiada por su clima suave y condiciones ideales para el cultivo de fruta subtropical.<\/p>\n<p data-start=\"861\" data-end=\"1048\">Los recolectamos de forma manual y en el momento adecuado, respetando el ritmo natural del fruto para conseguir un aguacate con <strong data-start=\"989\" data-end=\"1047\">textura cremosa, sabor equilibrado y excelente calidad<\/strong>.<\/p>\n<p data-start=\"1053\" data-end=\"1177\">Apostamos por una producci\u00f3n responsable y de cercan\u00eda, con pr\u00e1cticas agr\u00edcolas sostenibles y un impacto ambiental reducido.<\/p>\n<p data-start=\"1182\" data-end=\"1317\"><strong data-start=\"1182\" data-end=\"1200\">Venta a granel<\/strong>. Ideal para consumo en fresco, ensaladas, guacamole, tostadas o cualquier receta donde el aguacate sea protagonista.<\/p>\n<p data-start=\"1182\" data-end=\"1317\">Precio por kilo. Cada unidad equivale a 1 kg.<\/p>","protected":false},"excerpt":{"rendered":"<p>Aguacates frescos de temporada cultivados en la Costa Tropical de Granada. Recolectados en su punto \u00f3ptimo de maduraci\u00f3n para garantizar cremosidad, sabor y calidad. Venta a granel. Cada unidad equivale a 1 kg.<\/p>","protected":false},"featured_media":49,"comment_status":"open","ping_status":"closed","template":"","meta":[],"product_brand":[],"product_cat":[21],"product_tag":[],"class_list":{"0":"post-148","1":"product","2":"type-product","3":"status-publish","4":"has-post-thumbnail","6":"product_cat-fruta-fresca","7":"product_shipping_class-hasta-5kg","9":"first","10":"instock","11":"taxable","12":"shipping-taxable","13":"purchasable","14":"product-type-simple"},"_links":{"self":[{"href":"https:\/\/cortijomiguelmorales.es\/en\/wp-json\/wp\/v2\/product\/148","targetHints":{"allow":["GET"]}}],"collection":[{"href":"https:\/\/cortijomiguelmorales.es\/en\/wp-json\/wp\/v2\/product"}],"about":[{"href":"https:\/\/cortijomiguelmorales.es\/en\/wp-json\/wp\/v2\/types\/product"}],"replies":[{"embeddable":true,"href":"https:\/\/cortijomiguelmorales.es\/en\/wp-json\/wp\/v2\/comments?post=148"}],"wp:featuredmedia":[{"embeddable":true,"href":"https:\/\/cortijomiguelmorales.es\/en\/wp-json\/wp\/v2\/media\/49"}],"wp:attachment":[{"href":"https:\/\/cortijomiguelmorales.es\/en\/wp-json\/wp\/v2\/media?parent=148"}],"wp:term":[{"taxonomy":"product_brand","embeddable":true,"href":"https:\/\/cortijomiguelmorales.es\/en\/wp-json\/wp\/v2\/product_brand?post=148"},{"taxonomy":"product_cat","embeddable":true,"href":"https:\/\/cortijomiguelmorales.es\/en\/wp-json\/wp\/v2\/product_cat?post=148"},{"taxonomy":"product_tag","embeddable":true,"href":"https:\/\/cortijomiguelmorales.es\/en\/wp-json\/wp\/v2\/product_tag?post=148"}],"curies":[{"name":"wp","href":"https:\/\/api.w.org\/{rel}","templated":true}]}}