{"id":134,"date":"2025-12-19T17:55:59","date_gmt":"2025-12-19T17:55:59","guid":{"rendered":"https:\/\/cortijomiguelmorales.es\/?post_type=product&#038;p=134"},"modified":"2026-02-05T14:13:21","modified_gmt":"2026-02-05T14:13:21","slug":"mango-fresco-temporada","status":"publish","type":"product","link":"https:\/\/cortijomiguelmorales.es\/en\/product\/mango-fresco-temporada\/","title":{"rendered":"Mango fresco de temporada"},"content":{"rendered":"<p data-start=\"711\" data-end=\"884\">Nuestros mangos de temporada proceden directamente del Cortijo Miguel Morales, en la Costa Tropical de Granada, una zona privilegiada por su clima suave y suelos f\u00e9rtiles.<\/p>\n<p data-start=\"889\" data-end=\"1079\">Se recolectan de forma manual y en su punto \u00f3ptimo de maduraci\u00f3n, respetando los tiempos naturales del fruto para ofrecer un mango con <strong data-start=\"1024\" data-end=\"1078\">sabor intenso, dulzor natural y una textura jugosa<\/strong>.<\/p>\n<p data-start=\"1084\" data-end=\"1210\">Apostamos por una producci\u00f3n responsable y de cercan\u00eda, con pr\u00e1cticas agr\u00edcolas sostenibles y un impacto ambiental reducido.<\/p>\n<p data-start=\"1215\" data-end=\"1326\"><strong data-start=\"1215\" data-end=\"1233\">Venta a granel<\/strong>, ideal tanto para consumo en fresco como para recetas, batidos, postres o conservas caseras.<\/p>\n<p data-start=\"1331\" data-end=\"1420\">Precio por kilo. Cada unidad equivale a 1 kg.<\/p>","protected":false},"excerpt":{"rendered":"<p>Mango fresco de temporada cultivado en la Costa Tropical de Granada. Recolectado en su punto \u00f3ptimo de maduraci\u00f3n para garantizar sabor, aroma y textura excepcionales. Venta a granel, elige los kilos que desees.<\/p>","protected":false},"featured_media":142,"comment_status":"open","ping_status":"closed","template":"","meta":[],"product_brand":[],"product_cat":[21],"product_tag":[],"class_list":{"0":"post-134","1":"product","2":"type-product","3":"status-publish","4":"has-post-thumbnail","6":"product_cat-fruta-fresca","7":"product_shipping_class-hasta-5kg","9":"first","10":"instock","11":"taxable","12":"shipping-taxable","13":"purchasable","14":"product-type-simple"},"_links":{"self":[{"href":"https:\/\/cortijomiguelmorales.es\/en\/wp-json\/wp\/v2\/product\/134","targetHints":{"allow":["GET"]}}],"collection":[{"href":"https:\/\/cortijomiguelmorales.es\/en\/wp-json\/wp\/v2\/product"}],"about":[{"href":"https:\/\/cortijomiguelmorales.es\/en\/wp-json\/wp\/v2\/types\/product"}],"replies":[{"embeddable":true,"href":"https:\/\/cortijomiguelmorales.es\/en\/wp-json\/wp\/v2\/comments?post=134"}],"wp:featuredmedia":[{"embeddable":true,"href":"https:\/\/cortijomiguelmorales.es\/en\/wp-json\/wp\/v2\/media\/142"}],"wp:attachment":[{"href":"https:\/\/cortijomiguelmorales.es\/en\/wp-json\/wp\/v2\/media?parent=134"}],"wp:term":[{"taxonomy":"product_brand","embeddable":true,"href":"https:\/\/cortijomiguelmorales.es\/en\/wp-json\/wp\/v2\/product_brand?post=134"},{"taxonomy":"product_cat","embeddable":true,"href":"https:\/\/cortijomiguelmorales.es\/en\/wp-json\/wp\/v2\/product_cat?post=134"},{"taxonomy":"product_tag","embeddable":true,"href":"https:\/\/cortijomiguelmorales.es\/en\/wp-json\/wp\/v2\/product_tag?post=134"}],"curies":[{"name":"wp","href":"https:\/\/api.w.org\/{rel}","templated":true}]}}